{"id":2246,"date":"2020-09-12T06:41:18","date_gmt":"2020-09-12T04:41:18","guid":{"rendered":"http:\/\/unionecircolifilatelicifvg.it\/circoli\/?page_id=2246"},"modified":"2023-03-21T01:06:48","modified_gmt":"2023-03-21T00:06:48","slug":"denari-di-roma","status":"publish","type":"page","link":"https:\/\/circolifilatelicinumismaticifvg.it\/circoli\/denari-di-roma\/","title":{"rendered":"Collezionare i denari di Roma"},"content":{"rendered":"\n<h2 class=\"has-text-align-center wp-block-heading\">I denari di Roma<\/h2>\n\n\n\n<p><strong>Collezionare i denari d&#8217;argento di Roma \u00e8 impresa gratificante e non tanto dispendiosa, pu\u00f2&nbsp;dare sia una grande soddisfazione personale sia rappresentare un buon investimento. <\/strong> <br><strong>Gli esemplari in commercio sono moltissimi ma con una buona guida e iniziando da una precisa tematica (una moneta per imperatore o per console, una moneta per ogni <em>Gens<\/em>) si pu\u00f2 creare una collezione molto gratificante, anche come investimento.  Ci si immerge nel fascino della storia col ricordo degli imperatori studiati sui banchi di scuola: come resistere all&#8217;attrazione di nomi quali Giulio Cesare, Augusto, Nerone o persino Traiano e Marco Aurelio ?<\/strong><\/p>\n\n\n\n<p>Qui cercheremo di spiegare quali sono i denari pi\u00f9 comuni in circolazione e come cominciare a raccoglierli. Una guida a chi volesse iniziarne, con cognizione di causa,&nbsp; la raccolta. Il vantaggio di investire in denari romani \u00e8 di avere una collezione sempre vendibile in qualsiasi mercato del mondo, dato che le monete antiche sono collezionate in moltissimi stati, a differenza delle monete del Regno, le quali sono svalutate fuori dall&#8217; Italia.  <\/p>\n\n\n\n<p> E&#8217; un collezionismo &#8220;affascinante e colto&#8221;, il quale  conserva e tramanda le tradizioni italiche: si pensi  al denario con la Venere Caprotina al dritto  e fanciulla e dragone al retro.<\/p>\n\n\n\n<p>Roma batte i suoi primi denari tra il 269 e il 268 a.C.,  come testimoniano Plinio, Varrone e Livio; sar\u00e0 la vera unit\u00e0 del sistema monetario repubblicano,  si basa sulla libbra romana di grammi 327 di cui il denario \u00e8 1\/72 ovvero circa 4,5 grammi , e ha il valore di 10 assi (ovvero 10 libbre di bronzo) rappresentato dal segno X (non su tutti vero?).<\/p>\n\n\n\n<p>Il titolo non sar\u00e0 mai abbassato durante la repubblica.<br>Il monetiere era il magistrato responsabile della zecca o per meglio dire dell&#8217;officina monetaria (corretto?).<br><br>Gli studiosi che collocavano i primi denari circa al 269 a.C  sono  anzitutto Th. Mommsen, e poi tutta la scuola italiana, fra cui Lorenzina Cesano, Panvini Rosati, e Stazio. C&#8217;\u00e8 una scuola inglese &#8220;ribassista&#8221; che li posiziona addirittura verso il  180 a.C. (E. Robinson e H. Mattingly). Lo studio pi\u00f9 accettato oggi \u00e8 quello di Michael  Crawford, il quale, anche se  inglese, colloca l&#8217;inizio al 213-212 a.C. durante la seconda Guerra Punica, e in seguito nacque una mediazione di compromesso tra le altre correnti con la proposta una datazione intermedia: il 217 a.C.<br><\/p>\n\n\n\n<div style=\"height:20px\" aria-hidden=\"true\" class=\"wp-block-spacer\"><\/div>\n\n\n\n<blockquote class=\"wp-block-quote is-layout-flow wp-block-quote-is-layout-flow\">\n<p>Sono  bellissimi quelli repubblicani, soprattutto quelli delle Gentes che trattano gli  episodi, anche se fantastici, della vita dei loro precursori. <\/p>\n<\/blockquote>\n\n\n\n<h3 class=\"wp-block-heading\">La monetazione argentea repubblicana si divide in tre periodi<\/h3>\n\n\n\n<p>Il secondo periodo va dal 217 al 144 a.C. ed \u00e8 caratterizzato dalla presenza di una biga o quadriga al galoppo sul rovescio, per cui assumono il nome di denari bigati o quadrigati mentre al dritto vi \u00e8 costantemente la testa della dea Roma. Il peso \u00e8 abbassato a 3,90 grammi, ovvero 1\/84 di libbra con la &#8220;Lex Flaminia&#8221;.<\/p>\n\n\n<div class=\"wp-block-image\">\n<figure class=\"aligncenter size-large is-resized\"><img loading=\"lazy\" decoding=\"async\" src=\"http:\/\/unionecircolifilatelicifvg.it\/circoli\/wp-content\/uploads\/2023\/03\/denario-Roma-Dioscuri-1024x516.jpg\" alt=\"\" class=\"wp-image-3415\" width=\"768\" height=\"387\" srcset=\"https:\/\/circolifilatelicinumismaticifvg.it\/circoli\/wp-content\/uploads\/2023\/03\/denario-Roma-Dioscuri-1024x516.jpg 1024w, https:\/\/circolifilatelicinumismaticifvg.it\/circoli\/wp-content\/uploads\/2023\/03\/denario-Roma-Dioscuri-400x202.jpg 400w, https:\/\/circolifilatelicinumismaticifvg.it\/circoli\/wp-content\/uploads\/2023\/03\/denario-Roma-Dioscuri-768x387.jpg 768w, https:\/\/circolifilatelicinumismaticifvg.it\/circoli\/wp-content\/uploads\/2023\/03\/denario-Roma-Dioscuri.jpg 1495w\" sizes=\"auto, (max-width: 768px) 100vw, 768px\" \/><figcaption class=\"wp-element-caption\">Anonimo Denario Roma \/ Dioscuri (cornucopia) 207 a.C., Roma, Crawford 58\/2 &#8211; qBB<br>3.55g x 19mm, Argento<br>D\/ Testa di Roma con elmo attico alato; dietro, X.<br>R\/ ROMA; i Dioscuri a cavallo; sotto, una cornucopia.<\/figcaption><\/figure>\n<\/div>\n\n\n<p>Il terzo periodo inizia nel 144 a.C. e continua sino alla caduta della repubblica romana, presenta una enorme variet\u00e0 di tipi sia al dritto sia al rovescio. Le stesse tipologie viste sul denaro si ripetono sul quinario e sul sesterzio, tranne ovviamente il segno del valore corrispondente. <br>*<strong><em>Cecilio Metello e la prima immagina di un elefante sul suo denario.<\/em><br><em>*Fabio Adriano, Vittoria su biga e un fenicottero a lato.<\/em><\/strong><br> <\/p>\n\n\n\n<p>Verso l&#8217;anno 143 a.C. si ebbe un cambiamento del valore del denaro: si port\u00f2 infatti al valore di 16 assi quindi con un segno di XVI per indicarne il valore. <\/p>\n\n\n\n<p> <strong>Si pu\u00f2 dire &#8220;il denario segue le legioni&#8221;: i territori conquistati da Roma erano via via integrati nel sistema monetario romano. <\/strong><\/p>\n\n\n\n<p><strong>Giulio Cesare<\/strong>: molti esemplari ma molto ricercati e costosi, famoso quello con l&#8217;elefante a rappresentare la conquista della Gallia. Con Cesare il Senato autorizza una grande innovazione ovvero sulle monete compare il ritratto di un personaggio vivente.<\/p>\n\n\n\n<p>Altri famosi sono  il denario di Bruto e&nbsp; Alhala,  quello di Hostilius Saserna con la testa della Gallia; dello stesso periodo&nbsp; quello della Plautia con la testa della  Gorgona. <\/p>\n\n\n<div class=\"wp-block-image\">\n<figure class=\"aligncenter size-full\"><img loading=\"lazy\" decoding=\"async\" width=\"643\" height=\"303\" src=\"http:\/\/unionecircolifilatelicifvg.it\/circoli\/wp-content\/uploads\/2023\/03\/denario-hostilia-saserna.png\" alt=\"\" class=\"wp-image-3412\" srcset=\"https:\/\/circolifilatelicinumismaticifvg.it\/circoli\/wp-content\/uploads\/2023\/03\/denario-hostilia-saserna.png 643w, https:\/\/circolifilatelicinumismaticifvg.it\/circoli\/wp-content\/uploads\/2023\/03\/denario-hostilia-saserna-400x188.png 400w\" sizes=\"auto, (max-width: 643px) 100vw, 643px\" \/><figcaption class=\"wp-element-caption\"><em>Denarius (Pl.LIII)&nbsp; &#8211; zecca di Roma 48 a.C.<\/em>&nbsp;<br><em>D. Testa femminile a destra, la Gallia con lunghi capelli; dietro, carnyx. Bordo perlinato.<\/em>&nbsp;<br><em>R. Artemide di fronte, regge una lancia con la mano sinistra e poggia una mano sulla testa di un cervo;<\/em> <em>a destra, L.HOSTILIUS a scendere; a sinistra SASERNA a salire. Bordo perlinato.<\/em><\/figcaption><\/figure>\n<\/div>\n\n\n<h3 class=\"wp-block-heading\">Denari imperiali<\/h3>\n\n\n\n<p>I denari imperiali hanno la rarit\u00e0 e il valore dipendente dagli Imperatori; alcuni batterono numerosi esemplari altri sono molto rari e non solo per la breve durata del regno. Si parla in generale, poi di tutti gli imperatori esistono denari rari.  <br><strong> Al tempo di Augusto il denario rappresentava la paga giornaliera di un legionaro e queste retribuzioni erano un modo per fare entrare le monete nel circuito economico dell&#8217;impero romano. <\/strong><br>A volte erano coniate &#8220;sul campo&#8221; dopo le vittorie sui nemici, col loro stesso argento: i denari legionari, appunto, battuti dalle officine monetarie legionarie. <\/p>\n\n\n<div class=\"wp-block-image\">\n<figure class=\"aligncenter size-large is-resized\"><img loading=\"lazy\" decoding=\"async\" src=\"http:\/\/unionecircolifilatelicifvg.it\/circoli\/wp-content\/uploads\/2023\/03\/denario-XII-legione.-Marcantonio-1024x510.jpg\" alt=\"\" class=\"wp-image-3416\" width=\"494\" height=\"246\" srcset=\"https:\/\/circolifilatelicinumismaticifvg.it\/circoli\/wp-content\/uploads\/2023\/03\/denario-XII-legione.-Marcantonio-1024x510.jpg 1024w, https:\/\/circolifilatelicinumismaticifvg.it\/circoli\/wp-content\/uploads\/2023\/03\/denario-XII-legione.-Marcantonio-400x199.jpg 400w, https:\/\/circolifilatelicinumismaticifvg.it\/circoli\/wp-content\/uploads\/2023\/03\/denario-XII-legione.-Marcantonio-768x382.jpg 768w, https:\/\/circolifilatelicinumismaticifvg.it\/circoli\/wp-content\/uploads\/2023\/03\/denario-XII-legione.-Marcantonio.jpg 1447w\" sizes=\"auto, (max-width: 494px) 100vw, 494px\" \/><figcaption class=\"wp-element-caption\">Denario LEGIO XII ANTIQVAE \u2013 Rara &#8211; qBB, R1 &#8211; 3.68g x 19mm,  Argento<br>Marco Antonio, Denario 32-31 a.C., Itinerante, Crawford 544\/9 &#8211; <br>D\/ ANT AVG \/ IIIVIR R P C; galea con rematori e stendardo.<br>R\/ LEG XII ANTIQVAE; aquila legionaria fra due insegne militari.<\/figcaption><\/figure>\n<\/div>\n\n\n<p><\/p>\n\n\n\n<p><\/p>\n\n\n\n<h4 class=\"wp-block-heading\"> DINASTIA <strong>GIULIO CLAUDII<\/strong> <\/h4>\n\n\n\n<p><strong>Augusto<\/strong>: larga coniazione, comune il tipo coi nipoti <strong>Tiberio e Gaio<\/strong>; il pi\u00f9 famoso e ricercato \u00e8 quello con il <strong>coccodrillo <\/strong>e la palma e la scritta <strong>AEGYPTO CAPTA<\/strong> per celebrare la vittoria di <strong>Azio <\/strong>e la conseguente conquista dell&#8217;Egitto: vale migliaia di Euro!!<br>E ancora altri con la cometa, il toro cozzante, la colonna rostrata, gli alberelli di alloro, lo scudo (Clipeus Virtutis), ecc&#8230;<br><strong>Tiberio:<\/strong> larga coniazione e riforma monetaria, famoso quello con la madre <strong>Livia <\/strong>seduta<br><strong>Caligola:<\/strong> breve regno e pezzi molto rari poich\u00e9 ne erano stati coniati molti in precedenza; costi molto elevati, centinaia di euro<br> <strong>Claudio:<\/strong> pezzi molto rari poich\u00e9 ne erano stati coniati molti in precedenza; costi molto elevati, centinaia di euro <br><strong>Nerone:<\/strong> rari e molto ricercati, dato che il nome di questo imperatore \u00e8 molto ricercato; famoso e comune quello Salus + Iupite custos<br><strong>Otone <\/strong>rari pezzi<strong>, Galba <\/strong>denari abbastanza comuni,<strong> Vitellio <\/strong>poco comuni; costano parecchio ma si trovano ogni tanto<\/p>\n\n\n\n<figure class=\"wp-block-image size-full\"><img loading=\"lazy\" decoding=\"async\" width=\"300\" height=\"159\" src=\"https:\/\/unionecircolifilatelicifvg.it\/circoli\/wp-content\/uploads\/2023\/03\/denario-Augusto-arcotrionfo.jpg\" alt=\"\" class=\"wp-image-3425\"\/><figcaption class=\"wp-element-caption\">Denario arco di trionfo, Brindisi o Roma, RIC 267 &#8211; 3,74g \u2013 21mm, Argento<br>D\/&nbsp;Testa di Ottaviano.<br>R\/&nbsp;IMP CAESAR; arco di trionfo sovrastato da una quadriga.<\/figcaption><\/figure>\n\n\n\n<h4 class=\"wp-block-heading\">DINASTIA <strong>FLAVII<\/strong><\/h4>\n\n\n\n<p><strong>Vespasiano:<\/strong> comune, esiste quello che raffigura i suoi due figli, entrambi imperatori in seguito; molti tipi coniati , oltre 25 &#8212;-&gt; Efeso<strong><br>Tito: <\/strong>breve regno pochi esemplari, trovabili con quasi la stessa difficolt\u00e0 di Nerone<br><strong>Domiziano:<\/strong> comune, molti tipi con Minerva<br><strong>Nerva:<\/strong> meno comune<br><strong>Traiano:<\/strong> comuni, come la tipologia con Acqua Traiana<\/p>\n\n\n\n<h4 class=\"wp-block-heading\">DINASTIA <strong>ANTONINI<\/strong><\/h4>\n\n\n\n<p><strong>Adriano:<\/strong> comune quanto Traiano con pi\u00f9 tipologia: Egyptus, Hispania&#8230;<br><strong>Antonino Pio: <\/strong>comune, molti noti col figlio e con la madre Faustina oppure il Pavone dedicato alla defunta moglie<br><strong>Marco Aurelio:<\/strong> comune, molte tipologie, anche con la figlia Giustina; particolari i suoi denari dedicati alle Legioni<br><strong>Commodo:<\/strong> comuni, ma rari con la moglie Crispina<br><strong>Elvio Pertinace:<\/strong> rarissimi, solo un anno di regno<br><strong>Didio Giuliano:<\/strong> rarissimi,  solo un anno di regno <\/p>\n\n\n\n<h4 class=\"wp-block-heading\">DINASTIA <strong>SEVERI<\/strong><\/h4>\n\n\n\n<p><br><strong>Settimio Severo: <\/strong>comuni, importante quello per commemorare la &#8220;Vittoria sui Parti&#8221;<br><strong>Caracalla: <\/strong>comuni e con molte tipologie, quali quelli con Geta Augusta<br><strong>Macrino:<\/strong>  solo un anno di regno ma una copiosa produzione per dimostrare la ricchezza rinata <br><strong>Eliogabalo: <\/strong>comuni, contemporanei ai primi Antoniniani<br><strong>Alessandro Severo:<\/strong> comuni<\/p>\n\n\n\n<p> <\/p>\n\n\n\n<figure class=\"wp-block-image size-full\"><img loading=\"lazy\" decoding=\"async\" width=\"300\" height=\"146\" src=\"http:\/\/unionecircolifilatelicifvg.it\/circoli\/wp-content\/uploads\/2023\/03\/denario-vittoria-partica.jpg\" alt=\"\" class=\"wp-image-3417\"\/><figcaption class=\"wp-element-caption\">Denario Vittoria PARTHICAE<br>Settimio Severo, Denario, 198-200, Roma, RIC 142a &#8211; 3,28g x 17mm, argento &#8211; qBB<br>D\/ L SEPT SEV AVG IMP XI PART MAX; testa laureata a destra.<br>R\/&nbsp;VICT PARTHICAE; una Vittoria, con ghirlanda e trofeo; ai suoi piedi, un prigioniero con le mani legate dietro la schiena.<\/figcaption><\/figure>\n\n\n\n<p><em>Un semplice ma utile schema da riempire&#8230; di monete reali!<\/em><br> <\/p>\n\n\n\n<p>Sui denari troviamo di tutto: personaggi della tradizione mitologica (Numa Pompilio, Anco Marzio, Tarpeia&#8230;), della vita politica romana (Scipione l&#8217;Africano, Catone l&#8217;Uticense&#8230;),  personaggi storici di altri paesi con cui Roma era venuta in contatto come Vercingetorige, avvenimenti storici, monumenti, scene di vita vissuta quali duelli o sacrifici&#8230;  per non parlare delle acconciature femminili!<\/p>\n\n\n\n<div style=\"height:45px\" aria-hidden=\"true\" class=\"wp-block-spacer\"><\/div>\n\n\n\n<p><strong>Si ringraziano per la collaborazione: <\/strong><br><em>Desire\u00e8 e Matthias &#8211; Appunti del corso di Numismatica dell&#8217;Universit\u00e0 di Udine<\/em><br><em>Gianfranco Pittini &#8211; Circolo Numismatico di Milano<br>Gianluigi Lamperi &#8211; Circolo Numismatico Bergamasco<br>Mirko Romano &#8211; Tinia Numismatica<\/em><\/p>\n\n\n\n<p><strong>Bibliografia<\/strong><br> &#8211; Michael H. Crawford &#8211; &#8220;Roman Republican Coinage&#8221; &#8211; Cambridge University Press 1974&nbsp;  <br> &#8211; Varesi &#8211; &#8220;Denari Romani Repubblicani&#8221;<br> &#8211; RIC = Roman Imperial Coins (10 volumi)<br> &#8211; Sear M &#8211; &#8221; Denari romani imperiali &#8221; oppure M Soll &#8211; &#8220;Coins of Roman Empire&#8221;<\/p>\n\n\n\n<p><\/p>\n\n\n\n<p><br><\/p>\n","protected":false},"excerpt":{"rendered":"<p>I denari di Roma Collezionare i denari d&#8217;argento di Roma \u00e8 impresa gratificante e non tanto dispendiosa, pu\u00f2&nbsp;dare sia una grande soddisfazione personale sia rappresentare un buon investimento. Gli esemplari in commercio sono moltissimi ma con una buona guida e iniziando da una precisa tematica (una moneta per imperatore o per console, una moneta per<\/p>\n","protected":false},"author":1,"featured_media":0,"parent":0,"menu_order":0,"comment_status":"closed","ping_status":"closed","template":"","meta":{"footnotes":""},"class_list":["post-2246","page","type-page","status-publish","hentry"],"_links":{"self":[{"href":"https:\/\/circolifilatelicinumismaticifvg.it\/circoli\/wp-json\/wp\/v2\/pages\/2246","targetHints":{"allow":["GET"]}}],"collection":[{"href":"https:\/\/circolifilatelicinumismaticifvg.it\/circoli\/wp-json\/wp\/v2\/pages"}],"about":[{"href":"https:\/\/circolifilatelicinumismaticifvg.it\/circoli\/wp-json\/wp\/v2\/types\/page"}],"author":[{"embeddable":true,"href":"https:\/\/circolifilatelicinumismaticifvg.it\/circoli\/wp-json\/wp\/v2\/users\/1"}],"replies":[{"embeddable":true,"href":"https:\/\/circolifilatelicinumismaticifvg.it\/circoli\/wp-json\/wp\/v2\/comments?post=2246"}],"version-history":[{"count":59,"href":"https:\/\/circolifilatelicinumismaticifvg.it\/circoli\/wp-json\/wp\/v2\/pages\/2246\/revisions"}],"predecessor-version":[{"id":3428,"href":"https:\/\/circolifilatelicinumismaticifvg.it\/circoli\/wp-json\/wp\/v2\/pages\/2246\/revisions\/3428"}],"wp:attachment":[{"href":"https:\/\/circolifilatelicinumismaticifvg.it\/circoli\/wp-json\/wp\/v2\/media?parent=2246"}],"curies":[{"name":"wp","href":"https:\/\/api.w.org\/{rel}","templated":true}]}}